{"id":1127,"date":"2025-06-29T22:29:40","date_gmt":"2025-06-29T22:29:40","guid":{"rendered":"https:\/\/expomod.webhodo.com\/?page_id=1127"},"modified":"2025-08-18T14:22:21","modified_gmt":"2025-08-18T14:22:21","slug":"stand-kurulum-projeleri","status":"publish","type":"page","link":"https:\/\/expomod.webhodo.com\/en\/stand-kurulum-projeleri\/","title":{"rendered":"Exhibition Stand Portfolio"},"content":{"rendered":"<div class=\"wpb-content-wrapper\"><p>[vc_row][vc_column width=&#8221;1\/4&#8243;][vc_single_image image=&#8221;1214&#8243; img_size=&#8221;full&#8221; alignment=&#8221;center&#8221; onclick=&#8221;link_image&#8221;][vc_empty_space height=&#8221;10&#8243;][vc_column_text]<\/p>\n<p style=\"text-align: center;\"><strong><span style=\"color: #000000;\">Automechanika Dubai &#8211; Turkiye Pavilyonu<\/span><\/strong><\/p>\n<p>[\/vc_column_text][vc_empty_space height=&#8221;10&#8243;][\/vc_column][vc_column width=&#8221;1\/4&#8243;][vc_single_image image=&#8221;1249&#8243; img_size=&#8221;full&#8221; alignment=&#8221;center&#8221; onclick=&#8221;link_image&#8221;][vc_empty_space height=&#8221;10&#8243;][vc_column_text]<\/p>\n<p style=\"text-align: center;\"><strong><span style=\"color: #000000;\">Arabian Travel Market &#8211; Ingiltere Pavilyonu<\/span><\/strong><\/p>\n<p>[\/vc_column_text][vc_empty_space height=&#8221;10&#8243;][\/vc_column][vc_column width=&#8221;1\/4&#8243;][vc_single_image image=&#8221;1196&#8243; img_size=&#8221;full&#8221; alignment=&#8221;center&#8221; onclick=&#8221;link_image&#8221;][vc_empty_space height=&#8221;10&#8243;][vc_column_text]<\/p>\n<p style=\"text-align: center;\"><span style=\"color: #000000;\"><strong>Dubai Woodshow &#8211; Hemel<\/strong><\/span><\/p>\n<p>[\/vc_column_text][vc_empty_space height=&#8221;10&#8243;][\/vc_column][vc_column width=&#8221;1\/4&#8243;][vc_single_image image=&#8221;1197&#8243; img_size=&#8221;full&#8221; alignment=&#8221;center&#8221; onclick=&#8221;link_image&#8221;][vc_empty_space height=&#8221;10&#8243;][vc_column_text]<\/p>\n<p style=\"text-align: center;\"><span style=\"color: #000000;\"><strong>Saudifood Manufacturing &#8211; Hipermak<\/strong><\/span><\/p>\n<p>[\/vc_column_text][vc_empty_space height=&#8221;10&#8243;][\/vc_column][vc_column][vc_empty_space][\/vc_column][\/vc_row][vc_row][vc_column width=&#8221;1\/4&#8243;][vc_single_image image=&#8221;1207&#8243; img_size=&#8221;full&#8221; alignment=&#8221;center&#8221; onclick=&#8221;link_image&#8221;][vc_empty_space height=&#8221;10&#8243;][vc_column_text]<\/p>\n<p style=\"text-align: center;\"><strong><span style=\"color: #000000;\">Arabhealth &#8211; Inspital<\/span><\/strong><\/p>\n<p>[\/vc_column_text][vc_empty_space height=&#8221;10&#8243;][\/vc_column][vc_column width=&#8221;1\/4&#8243;][vc_single_image image=&#8221;1198&#8243; img_size=&#8221;full&#8221; alignment=&#8221;center&#8221; onclick=&#8221;link_image&#8221;][vc_empty_space height=&#8221;10&#8243;][vc_column_text]<\/p>\n<p style=\"text-align: center;\"><span style=\"color: #000000;\"><strong>SEA Saudi &#8211; Dof Robotics<\/strong><\/span><\/p>\n<p>[\/vc_column_text][vc_empty_space height=&#8221;10&#8243;][\/vc_column][vc_column width=&#8221;1\/4&#8243;][vc_single_image image=&#8221;1199&#8243; img_size=&#8221;full&#8221; alignment=&#8221;center&#8221; onclick=&#8221;link_image&#8221;][vc_empty_space height=&#8221;10&#8243;][vc_column_text]<\/p>\n<p style=\"text-align: center;\"><strong><span style=\"color: #000000;\">SEA Saudi &#8211; KCC Entertainment<\/span><\/strong><\/p>\n<p>[\/vc_column_text][vc_empty_space height=&#8221;10&#8243;][\/vc_column][vc_column width=&#8221;1\/4&#8243;][vc_single_image image=&#8221;1208&#8243; img_size=&#8221;full&#8221; alignment=&#8221;center&#8221; onclick=&#8221;link_image&#8221;][vc_empty_space height=&#8221;10&#8243;][vc_column_text]<\/p>\n<p style=\"text-align: center;\"><strong><span style=\"color: #000000;\">Arabhealth &#8211; \u00dcz\u00fcmc\u00fc<\/span><\/strong><\/p>\n<p>[\/vc_column_text][vc_empty_space height=&#8221;10&#8243;][\/vc_column][vc_column][vc_empty_space][\/vc_column][\/vc_row][vc_row][vc_column width=&#8221;1\/4&#8243;][vc_single_image image=&#8221;1195&#8243; img_size=&#8221;full&#8221; alignment=&#8221;center&#8221; onclick=&#8221;link_image&#8221;][vc_empty_space height=&#8221;10&#8243;][vc_column_text]<\/p>\n<p style=\"text-align: center;\"><strong><span style=\"color: #000000;\">DEAL Dubai &#8211; SBF Visa<\/span><\/strong><\/p>\n<p>[\/vc_column_text][vc_empty_space height=&#8221;10&#8243;][\/vc_column][vc_column width=&#8221;1\/4&#8243;][vc_single_image image=&#8221;1233&#8243; img_size=&#8221;full&#8221; alignment=&#8221;center&#8221; onclick=&#8221;link_image&#8221;][vc_empty_space height=&#8221;10&#8243;][vc_column_text]<\/p>\n<p style=\"text-align: center;\"><strong><span style=\"color: #000000;\">Dof Robotics &#8211; IAAPA Asia Shanghai<\/span><\/strong><\/p>\n<p>[\/vc_column_text][vc_empty_space height=&#8221;10&#8243;][\/vc_column][vc_column width=&#8221;1\/4&#8243;][vc_single_image image=&#8221;1247&#8243; img_size=&#8221;full&#8221; alignment=&#8221;center&#8221; onclick=&#8221;link_image&#8221;][vc_empty_space height=&#8221;10&#8243;][vc_column_text]<\/p>\n<p style=\"text-align: center;\"><strong><span style=\"color: #000000;\">Saudi Food Manufacturing\u00a0&#8211;\u00a0UBC<\/span><\/strong><\/p>\n<p>[\/vc_column_text][vc_empty_space height=&#8221;10&#8243;][\/vc_column][vc_column width=&#8221;1\/4&#8243;][vc_single_image image=&#8221;1246&#8243; img_size=&#8221;full&#8221; alignment=&#8221;center&#8221; onclick=&#8221;link_image&#8221;][vc_empty_space height=&#8221;10&#8243;][vc_column_text]<\/p>\n<p style=\"text-align: center;\"><strong><span style=\"color: #000000;\">Saudi Food Manufacturing &#8211; Hipermak<\/span><\/strong><\/p>\n<p>[\/vc_column_text][vc_empty_space height=&#8221;10&#8243;][\/vc_column][vc_column][vc_empty_space][\/vc_column][\/vc_row][vc_row][vc_column width=&#8221;1\/4&#8243;][vc_single_image image=&#8221;1245&#8243; img_size=&#8221;full&#8221; alignment=&#8221;center&#8221; onclick=&#8221;link_image&#8221;][vc_empty_space height=&#8221;10&#8243;][vc_column_text]<\/p>\n<p style=\"text-align: center;\"><strong><span style=\"color: #000000;\">Gulfood &#8211; SG\u00dc<\/span><\/strong><\/p>\n<p>[\/vc_column_text][vc_empty_space height=&#8221;10&#8243;][\/vc_column][vc_column width=&#8221;1\/4&#8243;][vc_single_image image=&#8221;1248&#8243; img_size=&#8221;full&#8221; alignment=&#8221;center&#8221; onclick=&#8221;link_image&#8221;][vc_empty_space height=&#8221;10&#8243;][vc_column_text]<\/p>\n<p style=\"text-align: center;\"><strong><span style=\"color: #000000;\">AEEDC Dubai &#8211; Macros<\/span><\/strong><\/p>\n<p>[\/vc_column_text][vc_empty_space height=&#8221;10&#8243;][\/vc_column][vc_column width=&#8221;1\/4&#8243;][vc_single_image image=&#8221;1194&#8243; img_size=&#8221;full&#8221; alignment=&#8221;center&#8221; onclick=&#8221;link_image&#8221;][vc_empty_space height=&#8221;10&#8243;][vc_column_text]<\/p>\n<p style=\"text-align: center;\"><strong><span style=\"color: #000000;\">Arabian Travel Market &#8211; Plaza\u00a0DMC<\/span><\/strong><\/p>\n<p>[\/vc_column_text][vc_empty_space height=&#8221;10&#8243;][\/vc_column][vc_column width=&#8221;1\/4&#8243;][vc_single_image image=&#8221;1251&#8243; img_size=&#8221;full&#8221; alignment=&#8221;center&#8221; onclick=&#8221;link_image&#8221;][vc_empty_space height=&#8221;10&#8243;][vc_column_text]<\/p>\n<p style=\"text-align: center;\"><strong><span style=\"color: #000000;\">Tritech &#8211; Light Middle East<\/span><\/strong><\/p>\n<p>[\/vc_column_text][vc_empty_space height=&#8221;10&#8243;][\/vc_column][vc_column][vc_empty_space][\/vc_column][\/vc_row]<\/p>\n<\/div>","protected":false},"excerpt":{"rendered":"<p>[vc_row][vc_column width=&#8221;1\/4&#8243;][vc_single_image image=&#8221;1214&#8243; img_size=&#8221;full&#8221; alignment=&#8221;center&#8221; onclick=&#8221;link_image&#8221;][vc_empty_space height=&#8221;10&#8243;][vc_column_text] Automechanika Dubai &#8211; Turkiye Pavilyonu [\/vc_column_text][vc_empty_space height=&#8221;10&#8243;][\/vc_column][vc_column width=&#8221;1\/4&#8243;][vc_single_image image=&#8221;1249&#8243; img_size=&#8221;full&#8221; alignment=&#8221;center&#8221; onclick=&#8221;link_image&#8221;][vc_empty_space height=&#8221;10&#8243;][vc_column_text] Arabian Travel Market &#8211; Ingiltere Pavilyonu [\/vc_column_text][vc_empty_space height=&#8221;10&#8243;][\/vc_column][vc_column width=&#8221;1\/4&#8243;][vc_single_image image=&#8221;1196&#8243; img_size=&#8221;full&#8221; alignment=&#8221;center&#8221; onclick=&#8221;link_image&#8221;][vc_empty_space height=&#8221;10&#8243;][vc_column_text] Dubai Woodshow &#8211; Hemel [\/vc_column_text][vc_empty_space height=&#8221;10&#8243;][\/vc_column][vc_column width=&#8221;1\/4&#8243;][vc_single_image image=&#8221;1197&#8243; img_size=&#8221;full&#8221; alignment=&#8221;center&#8221; onclick=&#8221;link_image&#8221;][vc_empty_space height=&#8221;10&#8243;][vc_column_text] Saudifood Manufacturing &#8211; Hipermak [\/vc_column_text][vc_empty_space height=&#8221;10&#8243;][\/vc_column][vc_column][vc_empty_space][\/vc_column][\/vc_row][vc_row][vc_column width=&#8221;1\/4&#8243;][vc_single_image image=&#8221;1207&#8243; img_size=&#8221;full&#8221; [&hellip;]<\/p>\n","protected":false},"author":1,"featured_media":0,"parent":0,"menu_order":0,"comment_status":"closed","ping_status":"closed","template":"","meta":{"footnotes":""},"class_list":["post-1127","page","type-page","status-publish","hentry"],"_links":{"self":[{"href":"https:\/\/expomod.webhodo.com\/en\/wp-json\/wp\/v2\/pages\/1127","targetHints":{"allow":["GET"]}}],"collection":[{"href":"https:\/\/expomod.webhodo.com\/en\/wp-json\/wp\/v2\/pages"}],"about":[{"href":"https:\/\/expomod.webhodo.com\/en\/wp-json\/wp\/v2\/types\/page"}],"author":[{"embeddable":true,"href":"https:\/\/expomod.webhodo.com\/en\/wp-json\/wp\/v2\/users\/1"}],"replies":[{"embeddable":true,"href":"https:\/\/expomod.webhodo.com\/en\/wp-json\/wp\/v2\/comments?post=1127"}],"version-history":[{"count":21,"href":"https:\/\/expomod.webhodo.com\/en\/wp-json\/wp\/v2\/pages\/1127\/revisions"}],"predecessor-version":[{"id":1321,"href":"https:\/\/expomod.webhodo.com\/en\/wp-json\/wp\/v2\/pages\/1127\/revisions\/1321"}],"wp:attachment":[{"href":"https:\/\/expomod.webhodo.com\/en\/wp-json\/wp\/v2\/media?parent=1127"}],"curies":[{"name":"wp","href":"https:\/\/api.w.org\/{rel}","templated":true}]}}