{"id":1001,"date":"2024-03-02T06:30:55","date_gmt":"2024-03-02T06:30:55","guid":{"rendered":"https:\/\/expomod.webhodo.com\/?page_id=1001"},"modified":"2025-08-18T14:21:41","modified_gmt":"2025-08-18T14:21:41","slug":"iletisim","status":"publish","type":"page","link":"https:\/\/expomod.webhodo.com\/en\/iletisim\/","title":{"rendered":"Contact"},"content":{"rendered":"<div class=\"wpb-content-wrapper\"><p>[vc_row][vc_column width=&#8221;1\/2&#8243;][vc_text_separator title=&#8221;Our contact information&#8221;][vc_empty_space height=&#8221;10&#8243;][vc_column_text]<\/p>\n<div class=\"elementor-element elementor-element-3ad6128a elementor-widget elementor-widget-heading\" data-id=\"3ad6128a\" data-element_type=\"widget\" data-widget_type=\"heading.default\">\n<div class=\"elementor-widget-container\">\n<p class=\"elementor-heading-title elementor-size-default\"><strong style=\"color: #000000; font-size: 14px;\">EXPOMOD T\u00dcRK\u0130YE<br \/>\n<\/strong><span style=\"color: #000000;\">EXPOMOD TASARIM T\u0130CARET ve SANAY\u0130 \u0130THALAT \u0130HRACAT LTD. \u015eT\u0130.<\/span><br \/>\n<strong style=\"color: #000000; font-size: 14px;\">Adres:<\/strong><span style=\"color: #000000; font-size: 14px;\"> Trump Towers Ku\u015ftepe Mah. Mecidiyek\u00f6y Yolu Cd. No:122 B\/Blok<br \/>\n\u015ei\u015fli \/ \u0130stanbul &#8211; T\u00dcRK\u0130YE<br \/>\n<\/span><strong style=\"color: #000000;\">Telefon:<\/strong><span style=\"color: #000000;\"><a style=\"color: #000000;\" href=\"tel:05441488368\"> +90 544 148 83 68<\/a><\/span><br \/>\n<strong style=\"color: #000000;\">e-mail:<\/strong><a href=\"mailto:info@expomod.com.tr\"><span style=\"color: #000000;\"> info@expomod.com.tr<\/span><\/a><\/p>\n<p><span style=\"color: #000000;\"><strong>EXPOMOD DUBAI<br \/>\n<\/strong>EXPOMOD TRADING LLC<\/span><br \/>\n<span style=\"color: #000000;\"><strong>Adres:<\/strong>Api World Tower Sheikh Zayed Road Unbox Office No: 204 P.O Box 414494<\/span><br \/>\n<span style=\"color: #000000;\">Dubai &#8211; Birle\u015fik Arap Emirlikleri<\/span><br \/>\n<span style=\"color: #000000;\"><strong>Telefon:<\/strong><\/span> <span style=\"color: #000000;\"><a style=\"color: #000000;\" href=\"tel:+971556908137\">+971556908137<\/a><br \/>\n<\/span><strong style=\"color: #000000;\">e-mail:<\/strong><a href=\"mailto:info@expomod.net\"><span style=\"color: #000000;\"> info@expomod.net<\/span><\/a><\/p>\n<\/div>\n<\/div>\n<p>[\/vc_column_text][vc_empty_space height=&#8221;10&#8243;][vc_text_separator title=&#8221;Directions&#8221;][vc_empty_space height=&#8221;10&#8243;][vc_gmaps link=&#8221;#E-8_JTNDaWZyYW1lJTIwc3JjJTNEJTIyaHR0cHMlM0ElMkYlMkZ3d3cuZ29vZ2xlLmNvbSUyRm1hcHMlMkZlbWJlZCUzRnBiJTNEJTIxMW0xOCUyMTFtMTIlMjExbTMlMjExZDM1NjguMTQ2NzYzNjAwODE1JTIxMmQyOC45ODk0OTkxMjY0MjczNTQlMjEzZDQxLjA2NzgyMzc2NTc1NTY0JTIxMm0zJTIxMWYwJTIxMmYwJTIxM2YwJTIxM20yJTIxMWkxMDI0JTIxMmk3NjglMjE0ZjEzLjElMjEzbTMlMjExbTIlMjExczB4MTRjYWI2NjVjYzZhY2IxZCUyNTNBMHgxNmUwMzk4ZGRiMDhlYzQ1JTIxMnpWSEoxYlhBZ1FXekVzY1dmZG1WeWFjV2ZJRTFsY210bGVtayUyMTVlMSUyMTNtMiUyMTFzdHIlMjEyc3RyJTIxNHYxNzU0ODE3NzkwMjcxJTIxNW0yJTIxMXN0ciUyMTJzdHIlMjIlMjB3aWR0aCUzRCUyMjYwMCUyMiUyMGhlaWdodCUzRCUyMjQ1MCUyMiUyMHN0eWxlJTNEJTIyYm9yZGVyJTNBMCUzQiUyMiUyMGFsbG93ZnVsbHNjcmVlbiUzRCUyMiUyMiUyMGxvYWRpbmclM0QlMjJsYXp5JTIyJTIwcmVmZXJyZXJwb2xpY3klM0QlMjJuby1yZWZlcnJlci13aGVuLWRvd25ncmFkZSUyMiUzRSUzQyUyRmlmcmFtZSUzRQ==&#8221;][vc_empty_space height=&#8221;10&#8243;][\/vc_column][vc_column width=&#8221;1\/2&#8243;][vc_text_separator title=&#8221;Contact Form&#8221;][vc_empty_space height=&#8221;10&#8243;]\n<div class=\"wpcf7 no-js\" id=\"wpcf7-f904-o1\" lang=\"en-US\" dir=\"ltr\" data-wpcf7-id=\"904\">\n<div class=\"screen-reader-response\"><p role=\"status\" aria-live=\"polite\" aria-atomic=\"true\"><\/p> <ul><\/ul><\/div>\n<form action=\"\/en\/wp-json\/wp\/v2\/pages\/1001#wpcf7-f904-o1\" method=\"post\" class=\"wpcf7-form init\" aria-label=\"Contact form\" novalidate=\"novalidate\" data-status=\"init\">\n<fieldset class=\"hidden-fields-container\"><input type=\"hidden\" name=\"_wpcf7\" value=\"904\" \/><input type=\"hidden\" name=\"_wpcf7_version\" value=\"6.1\" \/><input type=\"hidden\" name=\"_wpcf7_locale\" value=\"en_US\" \/><input type=\"hidden\" name=\"_wpcf7_unit_tag\" value=\"wpcf7-f904-o1\" \/><input type=\"hidden\" name=\"_wpcf7_container_post\" value=\"0\" \/><input type=\"hidden\" name=\"_wpcf7_posted_data_hash\" value=\"\" \/><input type=\"hidden\" name=\"lang\" value=\"en\" \/>\n<\/fieldset>\n<div class=\"darna-contact-form row\">\n\t<div class=\"col-md-6\">\n\t\t<p><span class=\"wpcf7-form-control-wrap\" data-name=\"your-name\"><input size=\"40\" maxlength=\"400\" class=\"wpcf7-form-control wpcf7-text wpcf7-validates-as-required\" id=\"your-name\" aria-required=\"true\" aria-invalid=\"false\" placeholder=\"NAME*\" value=\"\" type=\"text\" name=\"your-name\" \/><\/span>\n\t\t<\/p>\n\t<\/div>\n\t<div class=\"col-md-6\">\n\t\t<p><span class=\"wpcf7-form-control-wrap\" data-name=\"your-email\"><input size=\"40\" maxlength=\"400\" class=\"wpcf7-form-control wpcf7-email wpcf7-validates-as-required wpcf7-text wpcf7-validates-as-email\" id=\"your-email\" aria-required=\"true\" aria-invalid=\"false\" placeholder=\"EMAIL*\" value=\"\" type=\"email\" name=\"your-email\" \/><\/span>\n\t\t<\/p>\n\t<\/div>\n\t<div class=\"col-md-12\">\n\t\t<p><span class=\"wpcf7-form-control-wrap\" data-name=\"your-message\"><textarea cols=\"4\" rows=\"10\" maxlength=\"2000\" class=\"wpcf7-form-control wpcf7-textarea wpcf7-validates-as-required\" id=\"your-message\" aria-required=\"true\" aria-invalid=\"false\" placeholder=\"MESSAGE*\" name=\"your-message\"><\/textarea><\/span>\n\t\t<\/p>\n\t<\/div>\n\t<div class=\"col-md-12\">\n\t\t<p><input class=\"wpcf7-form-control wpcf7-submit has-spinner darna-button size-md style3\" id=\"submit\" type=\"submit\" value=\"SUBMIT\" \/>\n\t\t<\/p>\n\t<\/div>\n<\/div><div class=\"wpcf7-response-output\" aria-hidden=\"true\"><\/div>\n<\/form>\n<\/div>\n[\/vc_column][vc_column][vc_empty_space][\/vc_column][\/vc_row]<\/p>\n<\/div>","protected":false},"excerpt":{"rendered":"<p>[vc_row][vc_column width=&#8221;1\/2&#8243;][vc_text_separator title=&#8221;Our contact information&#8221;][vc_empty_space height=&#8221;10&#8243;][vc_column_text] EXPOMOD T\u00dcRK\u0130YE EXPOMOD TASARIM T\u0130CARET ve SANAY\u0130 \u0130THALAT \u0130HRACAT LTD. \u015eT\u0130. Adres: Trump Towers Ku\u015ftepe Mah. Mecidiyek\u00f6y Yolu Cd. No:122 B\/Blok \u015ei\u015fli \/ \u0130stanbul &#8211; T\u00dcRK\u0130YE Telefon: +90 544 148 83 68 e-mail: info@expomod.com.tr EXPOMOD DUBAI EXPOMOD TRADING LLC Adres:Api World Tower Sheikh Zayed Road Unbox Office No: 204 [&hellip;]<\/p>\n","protected":false},"author":1,"featured_media":0,"parent":0,"menu_order":0,"comment_status":"closed","ping_status":"closed","template":"","meta":{"footnotes":""},"class_list":["post-1001","page","type-page","status-publish","hentry"],"_links":{"self":[{"href":"https:\/\/expomod.webhodo.com\/en\/wp-json\/wp\/v2\/pages\/1001","targetHints":{"allow":["GET"]}}],"collection":[{"href":"https:\/\/expomod.webhodo.com\/en\/wp-json\/wp\/v2\/pages"}],"about":[{"href":"https:\/\/expomod.webhodo.com\/en\/wp-json\/wp\/v2\/types\/page"}],"author":[{"embeddable":true,"href":"https:\/\/expomod.webhodo.com\/en\/wp-json\/wp\/v2\/users\/1"}],"replies":[{"embeddable":true,"href":"https:\/\/expomod.webhodo.com\/en\/wp-json\/wp\/v2\/comments?post=1001"}],"version-history":[{"count":16,"href":"https:\/\/expomod.webhodo.com\/en\/wp-json\/wp\/v2\/pages\/1001\/revisions"}],"predecessor-version":[{"id":1332,"href":"https:\/\/expomod.webhodo.com\/en\/wp-json\/wp\/v2\/pages\/1001\/revisions\/1332"}],"wp:attachment":[{"href":"https:\/\/expomod.webhodo.com\/en\/wp-json\/wp\/v2\/media?parent=1001"}],"curies":[{"name":"wp","href":"https:\/\/api.w.org\/{rel}","templated":true}]}}